{"id":2606,"date":"2025-05-16T14:12:50","date_gmt":"2025-05-16T14:12:50","guid":{"rendered":"https:\/\/web-tgm.x-tra.it\/?page_id=2606"},"modified":"2025-06-24T08:14:02","modified_gmt":"2025-06-24T08:14:02","slug":"cookie-policy","status":"publish","type":"page","link":"https:\/\/targetmetalli.com\/es\/cookie-policy\/","title":{"rendered":"Pol\u00edtica de Cookies"},"content":{"rendered":"<div data-elementor-type=\"wp-page\" data-elementor-id=\"2606\" class=\"elementor elementor-2606\">\n\t\t\t\t<div class=\"elementor-element elementor-element-e1b8fa8 e-flex e-con-boxed e-con e-parent\" data-id=\"e1b8fa8\" data-element_type=\"container\">\n\t\t\t\t\t<div class=\"e-con-inner\">\n\t\t\t\t<div class=\"elementor-element elementor-element-6530728 elementor-widget elementor-widget-text-editor\" data-id=\"6530728\" data-element_type=\"widget\" data-widget_type=\"text-editor.default\">\n\t\t\t\t<div class=\"elementor-widget-container\">\n\t\t\t\t\t\t\t\t\t<h3>Uso de cookies<\/h3><p>Este sitio utiliza Cookies para hacer que sus servicios sean simples y eficientes para los usuarios que visitan sus p\u00e1ginas.<br \/>Los usuarios que visitan el Sitio ver\u00e1n que se almacenan\u00a0<strong>cantidades m\u00ednimas de informaci\u00f3n<\/strong>\u00a0en sus dispositivos, ya sean ordenadores o dispositivos m\u00f3viles, en peque\u00f1os archivos de texto denominados \u201ccookies\u201d guardados en los directorios utilizados por el navegador web del Usuario.<br \/>Existen\u00a0<strong>varios tipos de cookies<\/strong>, algunos para hacer m\u00e1s eficaz el uso del Sitio, otros para habilitar determinadas funcionalidades.<br \/>Analiz\u00e1ndolos de manera detallada, nuestras cookies permiten:<\/p><p>-almacenar las preferencias introducidas<\/p><p>-evitar volver a introducir la misma informaci\u00f3n varias veces durante la visita, como por ejemplo el nombre de usuario y la contrase\u00f1a<\/p><p>-analizar el uso de los servicios y contenidos ofrecidos por este sitio para optimizar la experiencia de navegaci\u00f3n y los servicios ofrecidos<\/p><p><strong>Tipos de Cookies<\/strong><\/p><p><strong>Cookies T\u00e9cnicas<\/strong><\/p><p>Este tipo de cookie permite el\u00a0<strong>correcto funcionamiento de algunas secciones del Sitio<\/strong>. Hay dos categor\u00edas: persistentes y de sesi\u00f3n:<\/p><p><strong>-persistentes<\/strong>: una vez cerrado el navegador, no se destruyen sino que permanecen hasta una fecha de caducidad preestablecida<\/p><p><strong>-de sesi\u00f3n<\/strong>: se destruyen cada vez que se cierra el navegador<\/p><p>Estas cookies, enviadas siempre desde nuestro dominio,\u00a0<strong>son necesarias para visualizar correctamente el sitio<\/strong>\u00a0y, en relaci\u00f3n con los servicios t\u00e9cnicos ofrecidos,\u00a0<strong>siempre ser\u00e1n utilizadas y enviadas<\/strong>, a menos que el usuario modifique la configuraci\u00f3n de su navegador (afectando as\u00ed la visualizaci\u00f3n de las p\u00e1ginas del sitio).<\/p><p><strong>Cookies Anal\u00edticas<\/strong><\/p><p>Las cookies de esta categor\u00eda se utilizan para\u00a0<strong>recopilar informaci\u00f3n sobre el uso del sitio<\/strong>. Target Metalli S.r.l. utilizar\u00e1 esta informaci\u00f3n para <strong>an\u00e1lisis estad\u00edsticos an\u00f3nimos<\/strong>\u00a0con el fin de mejorar el uso del Sitio y hacer que los contenidos sean m\u00e1s interesantes y relevantes para los deseos de los usuarios. Este tipo de cookie recopila datos en\u00a0<strong>forma an\u00f3nima<\/strong>\u00a0sobre la actividad del usuario y sobre c\u00f3mo lleg\u00f3 al Sitio. Las cookies anal\u00edticas son enviadas por el propio Sitio o por dominios de terceros.<\/p><p><strong>Cookies de an\u00e1lisis de servicios de terceros<\/strong><\/p><p>Estas cookies se utilizan para recopilar informaci\u00f3n sobre el<strong>uso del Sitio<\/strong>\u00a0por parte de los usuarios en\u00a0<strong>forma an\u00f3nima<\/strong>\u00a0como: p\u00e1ginas visitadas, tiempo de permanencia, fuentes de tr\u00e1fico, procedencia geogr\u00e1fica, edad, g\u00e9nero e intereses con fines de campa\u00f1as de marketing. Estas cookies son enviadas por dominios de terceros ajenos al Sitio.<\/p><p><strong>Cookies para integrar productos y funciones de software de terceros<\/strong><\/p><p>Este tipo de cookie\u00a0<strong>integra funcionalidades desarrolladas por terceros<\/strong>\u00a0dentro de las p\u00e1ginas del Sitio, como los iconos y las preferencias expresadas en redes sociales para compartir los contenidos del sitio o para el uso de servicios de software de terceros (como los programas para generar mapas y otros programas que ofrecen servicios adicionales). Estas cookies son enviadas por\u00a0<strong>dominios de terceros<\/strong>\u00a0y por\u00a0<strong>sitios socios\u00a0<\/strong>que ofrecen sus funcionalidades entre las p\u00e1ginas del Sitio.<\/p><p><strong>Cookies de perfilado<\/strong><\/p><p>Son aquellas cookies necesarias para crear perfiles de usuarios con el fin de enviar mensajes publicitarios acordes con las preferencias manifestadas por el usuario dentro de las p\u00e1ginas del Sitio.<\/p><p><strong>Foodness.it\u00a0<\/strong>\u00a0seg\u00fan la normativa vigente, no est\u00e1 obligado a solicitar consentimiento para las\u00a0<strong>cookies t\u00e9cnicas<\/strong>\u00a0y anal\u00edticas, ya que son necesarias para proporcionar los servicios solicitados.<\/p><p>Para todos los dem\u00e1s tipos de cookies, el consentimiento puede ser otorgado por el Usuario de una o m\u00e1s de las siguientes maneras:<\/p><ul><li><strong>Mediante configuraciones espec\u00edficas del navegador<\/strong>\u00a0utilizado o de los correspondientes programas inform\u00e1ticos utilizados para navegar por las p\u00e1ginas que componen el Sitio.<\/li><li><strong>Mediante la modificaci\u00f3n de la configuraci\u00f3n<\/strong>\u00a0en el uso de servicios de terceros<\/li><\/ul><p>Ambas soluciones podr\u00edan impedir al usuario utilizar o visualizar partes del Sitio.<\/p><p><strong>Sitios web y servicios de terceros<\/strong><\/p><p>El Sitio podr\u00eda contener enlaces a otros sitios web que disponen de su propia pol\u00edtica de privacidad, la cual puede ser diferente a la adoptada por este sitio y por lo tanto\u00a0<strong>no se hace responsable<\/strong>\u00a0de estos sitios.<\/p><p><strong>Cookies utilizadas por este sitio<\/strong><\/p><p>A continuaci\u00f3n, la lista de cookies t\u00e9cnicas y anal\u00edticas utilizadas por este Sitio:<\/p><ul><li>cookies-auth \u2013 persistente \u2013 utilizada para recordar la pulsaci\u00f3n del bot\u00f3n \"ok\" en el aviso de cookies.<\/li><li>PHPSESSID[id] \u2013 de sesi\u00f3n \u2013 utilizada por el servidor PHP para identificar la sesi\u00f3n individual de un usuario.<\/li><li>_ga \u2013 persistente \u2013 utilizada para distinguir a los usuarios \u2013 necesaria para el servicio de terceros Google Analytics. Dura 2 a\u00f1os.<\/li><li>_gat \u2013 persistente \u2013 limita la recopilaci\u00f3n de datos en sitios con mucho tr\u00e1fico \u2013 necesaria para el servicio de terceros Google Analytics. Dura 10 minutos.<\/li><\/ul><p>Este servicio de an\u00e1lisis web proporcionado por Google Inc. se utiliza para obtener informaci\u00f3n estad\u00edstica agregada (la direcci\u00f3n IP del usuario se anonimiza). GOOGLE almacena la informaci\u00f3n recopilada por la cookie en servidores que pueden estar ubicados tambi\u00e9n en Estados Unidos.<\/p><p>Para obtener m\u00e1s informaci\u00f3n sobre la gesti\u00f3n de la privacidad, consulta el enlace:\u00a0<a href=\"http:\/\/www.google.com\/intl\/it_ALL\/analytics\/learn\/privacy.html\">http:\/\/www.google.com\/intl\/it_ALL\/analytics\/learn\/privacy.html<\/a><\/p><p>El usuario puede deshabilitar de forma selectiva la acci\u00f3n de Google Analytics instalando en su navegador el componente de inhabilitaci\u00f3n (opt-out) proporcionado por Google.<\/p><p>Para deshabilitar la recopilaci\u00f3n de datos por parte de Google Analytics, consulta el siguiente enlace:\u00a0<a href=\"https:\/\/tools.google.com\/dlpage\/gaoptout\">https:\/\/tools.google.com\/dlpage\/gaoptout<\/a><\/p><p>\u2026\u2026\u2026\u2026\u2026\u2026\u2026\u2026\u2026\u2026\u2026\u2026\u2026\u2026\u2026\u2026\u2026<\/p><p>A trav\u00e9s de este sitio, se ponen a disposici\u00f3n de los usuarios algunos servicios proporcionados por terceros, como la conexi\u00f3n a servicios de redes sociales. En particular, el sitio presenta plugins sociales para Facebook, Twitter y Google+.<\/p><p>Estos plugins no configuran una cookie, pero si ya est\u00e1 presente en el ordenador del visitante, pueden leerla y utilizarla seg\u00fan su configuraci\u00f3n. La recogida y el uso de informaci\u00f3n por parte de estos terceros se regulan seg\u00fan sus respectivas pol\u00edticas de privacidad. Para m\u00e1s informaci\u00f3n sobre el uso de los datos y su tratamiento por parte de las redes sociales, te recomendamos consultar:<\/p><p><a href=\"https:\/\/www.facebook.com\/help\/cookies\/\">https:\/\/www.facebook.com\/help\/cookies\/<\/a><\/p><p><a href=\"https:\/\/support.twitter.com\/articles\/20170519-uso-dei-cookie-e-di-altre-tecnologie-simili-da-parte-di-twitter\">https:\/\/support.twitter.com\/articles\/20170519-uso-dei-cookie-e-di-altre-tecnologie-simili-da-parte-di-twitter<br \/><\/a><\/p><p>Para obtener m\u00e1s informaci\u00f3n sobre el tratamiento de los datos personales conforme al Reglamento UE n.\u00ba 679\/2016, consulta la\u00a0<a href=\"https:\/\/www.foodness.it\/privacy\/\">privacy<\/a>.<\/p><p><strong>C\u00f3mo desactivar las cookies mediante la configuraci\u00f3n del navegador<\/strong><\/p><p><strong>Chrome<\/strong><\/p><ol><li>Ejecuta el navegador Chrome<\/li><li>Haz clic en el men\u00fa de la barra de herramientas del navegador, junto a la barra de direcciones de navegaci\u00f3n<\/li><li>Selecciona\u00a0<strong>Configuraci\u00f3n<\/strong><\/li><li>Haz clic en\u00a0<strong>Mostrar configuraci\u00f3n avanzada<\/strong><\/li><li>En la secci\u00f3n \"Privacidad\", haz clic en el bot\u00f3n \u201c<strong>Configuraci\u00f3n de contenido<\/strong>\u201c<\/li><li>En la secci\u00f3n \"Cookies\" es posible modificar las siguientes configuraciones relacionadas con las cookies:<ol><li>Permitir el almacenamiento de datos locales<\/li><li>Modificar los datos locales solo hasta que se cierre el navegador<\/li><li>Impedir que los sitios configuren cookies<\/li><li>Bloquear cookies de terceros y datos de sitios<\/li><li>Gestionar excepciones para algunos sitios web<\/li><li>Eliminar una o todas las cookies<\/li><\/ol><\/li><\/ol><p><strong>Mozilla Firefox<\/strong><\/p><ol><li>Ejecuta el navegador Mozilla Firefox<\/li><li>Haz clic en el men\u00fa de la barra de herramientas del navegador, junto a la barra de direcciones de navegaci\u00f3n<\/li><li>Selecciona\u00a0<strong>Opciones<\/strong><\/li><li>Selecciona el panel\u00a0<strong>Privacidad<\/strong><\/li><li>Haz clic en\u00a0<strong>Mostrar configuraci\u00f3n avanzada<\/strong><\/li><li>En la secci\u00f3n \"Privacidad\", haz clic en el bot\u00f3n \u201c<strong>Configuraci\u00f3n de contenido<\/strong>\u201c<\/li><li>En la secci\u00f3n \"<strong>Rastreo<\/strong>\u201d es posible modificar las siguientes configuraciones relacionadas con las cookies:<ol><li>Solicitar a los sitios que no realicen ning\u00fan rastreo<\/li><li>Comunicar a los sitios la disponibilidad para ser rastreado<\/li><li>No comunicar ninguna preferencia relativa al rastreo de datos personales<\/li><\/ol><\/li><li>Desde la secci\u00f3n \u201c<strong>Historial<\/strong>\u201d es posible:<ol><li>Activando \u201cUsar configuraci\u00f3n personalizada\u201d seleccionar aceptar cookies de terceros (siempre, de los sitios m\u00e1s visitados o nunca) y conservarlas durante un per\u00edodo determinado (hasta su vencimiento, hasta el cierre de Firefox o preguntar cada vez)<\/li><li>Eliminar cookies individuales almacenadas<\/li><\/ol><\/li><\/ol><p><strong>Internet Explorer<\/strong><\/p><ol><li>Ejecuta el navegador Internet Explorer<\/li><li>Haz clic en el bot\u00f3n\u00a0<strong>Herramientas\u00a0<\/strong>y elige\u00a0<strong>Opciones de Internet<\/strong><\/li><li>Haz clic en la pesta\u00f1a\u00a0<strong>Privacidad\u00a0<\/strong>y, en la secci\u00f3n Configuraci\u00f3n, mueve el control deslizante seg\u00fan la acci\u00f3n deseada para las cookies:<ol><li>Bloquear todas las cookies<\/li><li>Permitir todas las cookies<\/li><li>Seleccionar los sitios de los que aceptar cookies: mueve el control deslizante a una posici\u00f3n intermedia para no bloquear ni permitir todas las cookies, luego haz clic en Sitios. En el cuadro Direcci\u00f3n del sitio web, introduce un sitio web y haz clic en Bloquear o Permitir<\/li><\/ol><\/li><\/ol><p><strong>Safari 6<\/strong><\/p><ol><li>Ejecuta el navegador Safari<\/li><li>Haz clic en\u00a0<strong>Safari<\/strong>, selecciona\u00a0<strong>Preferencias\u00a0<\/strong>y pulsa en\u00a0<strong>Privacidad<\/strong><\/li><li>En la secci\u00f3n\u00a0<em>Bloquear cookies<\/em>especifica c\u00f3mo debe Safari aceptar las cookies de los sitios web.<\/li><li>Para ver qu\u00e9 sitios han almacenado cookies, haz clic en\u00a0<strong>Detalles<\/strong><\/li><\/ol><p><strong>Safari iOS (dispositivos m\u00f3viles)<\/strong><\/p><ol><li>Ejecuta el navegador Safari iOS<\/li><li>Toca en\u00a0<strong>Configuraci\u00f3n\u00a0<\/strong>y luego en\u00a0<strong>Safari<\/strong><\/li><li>Toca en\u00a0<strong>Bloquear cookies\u00a0<\/strong>y elige entre las diferentes opciones: \u201cNunca\u201d, \u201cDe terceros y anunciantes\u201d o \u201cSiempre\u201d<\/li><li>Para eliminar todas las cookies almacenadas por Safari, toca en\u00a0<strong>Configuraci\u00f3n<\/strong>, luego en\u00a0<strong>Safari\u00a0<\/strong>y finalmente en\u00a0<strong>Borrar cookies y datos<\/strong><\/li><\/ol><p><strong>Opera<\/strong><\/p><ol><li>Ejecuta el navegador Opera<\/li><li>Haz clic en Preferencias, luego en Avanzado y finalmente en Cookies<\/li><li>Selecciona una de las siguientes opciones:<ol><li>Aceptar todas las cookies<\/li><li>Aceptar cookies solo del sitio que visitas: las cookies de terceros enviadas desde un dominio diferente al que est\u00e1s visitando ser\u00e1n rechazadas<\/li><li>No aceptar nunca cookies: todas las cookies nunca se guardar\u00e1n<\/li><\/ol><\/li><\/ol>\t\t\t\t\t\t\t\t<\/div>\n\t\t\t\t<\/div>\n\t\t\t\t\t<\/div>\n\t\t\t\t<\/div>\n\t\t\t\t<\/div>","protected":false},"excerpt":{"rendered":"<p>Uso dei cookie Questo sito utilizza i Cookie per rendere i propri servizi semplici e efficienti per l\u2019utenza che visiona le pagine del sito.Gli utenti che visionano il Sito, vedranno inserite delle\u00a0quantit\u00e0 minime di informazioni\u00a0nei dispositivi in uso, che siano computer e periferiche mobili, in piccoli file di testo denominati \u201ccookie\u201d salvati nelle directory utilizzate [&hellip;]<\/p>","protected":false},"author":2,"featured_media":0,"parent":0,"menu_order":0,"comment_status":"closed","ping_status":"closed","template":"elementor_header_footer","meta":{"footnotes":""},"class_list":["post-2606","page","type-page","status-publish","hentry"],"yoast_head":"<!-- This site is optimized with the Yoast SEO plugin v25.4 - https:\/\/yoast.com\/wordpress\/plugins\/seo\/ -->\n<title>Cookie Policy - Target Metalli<\/title>\n<meta name=\"robots\" content=\"index, follow, max-snippet:-1, max-image-preview:large, max-video-preview:-1\" \/>\n<link rel=\"canonical\" href=\"https:\/\/targetmetalli.com\/es\/cookie-policy\/\" \/>\n<meta property=\"og:locale\" content=\"es_ES\" \/>\n<meta property=\"og:type\" content=\"article\" \/>\n<meta property=\"og:title\" content=\"Cookie Policy - Target Metalli\" \/>\n<meta property=\"og:description\" content=\"Uso dei cookie Questo sito utilizza i Cookie per rendere i propri servizi semplici e efficienti per l\u2019utenza che visiona le pagine del sito.Gli utenti che visionano il Sito, vedranno inserite delle\u00a0quantit\u00e0 minime di informazioni\u00a0nei dispositivi in uso, che siano computer e periferiche mobili, in piccoli file di testo denominati \u201ccookie\u201d salvati nelle directory utilizzate [&hellip;]\" \/>\n<meta property=\"og:url\" content=\"https:\/\/targetmetalli.com\/es\/cookie-policy\/\" \/>\n<meta property=\"og:site_name\" content=\"Target Metalli\" \/>\n<meta property=\"article:publisher\" content=\"https:\/\/www.facebook.com\/targetsrlmetalli\/\" \/>\n<meta property=\"article:modified_time\" content=\"2025-06-24T08:14:02+00:00\" \/>\n<meta name=\"twitter:card\" content=\"summary_large_image\" \/>\n<meta name=\"twitter:site\" content=\"@metalli_l\" \/>\n<meta name=\"twitter:label1\" content=\"Tiempo de lectura\" \/>\n\t<meta name=\"twitter:data1\" content=\"7 minutos\" \/>\n<script type=\"application\/ld+json\" class=\"yoast-schema-graph\">{\"@context\":\"https:\/\/schema.org\",\"@graph\":[{\"@type\":\"WebPage\",\"@id\":\"https:\/\/targetmetalli.com\/cookie-policy\/\",\"url\":\"https:\/\/targetmetalli.com\/cookie-policy\/\",\"name\":\"Cookie Policy - Target Metalli\",\"isPartOf\":{\"@id\":\"https:\/\/targetmetalli.com\/#website\"},\"datePublished\":\"2025-05-16T14:12:50+00:00\",\"dateModified\":\"2025-06-24T08:14:02+00:00\",\"breadcrumb\":{\"@id\":\"https:\/\/targetmetalli.com\/cookie-policy\/#breadcrumb\"},\"inLanguage\":\"es\",\"potentialAction\":[{\"@type\":\"ReadAction\",\"target\":[\"https:\/\/targetmetalli.com\/cookie-policy\/\"]}]},{\"@type\":\"BreadcrumbList\",\"@id\":\"https:\/\/targetmetalli.com\/cookie-policy\/#breadcrumb\",\"itemListElement\":[{\"@type\":\"ListItem\",\"position\":1,\"name\":\"Home\",\"item\":\"https:\/\/targetmetalli.com\/\"},{\"@type\":\"ListItem\",\"position\":2,\"name\":\"Cookie Policy\"}]},{\"@type\":\"WebSite\",\"@id\":\"https:\/\/targetmetalli.com\/#website\",\"url\":\"https:\/\/targetmetalli.com\/\",\"name\":\"Target Metalli\",\"description\":\"\",\"publisher\":{\"@id\":\"https:\/\/targetmetalli.com\/#organization\"},\"potentialAction\":[{\"@type\":\"SearchAction\",\"target\":{\"@type\":\"EntryPoint\",\"urlTemplate\":\"https:\/\/targetmetalli.com\/?s={search_term_string}\"},\"query-input\":{\"@type\":\"PropertyValueSpecification\",\"valueRequired\":true,\"valueName\":\"search_term_string\"}}],\"inLanguage\":\"es\"},{\"@type\":\"Organization\",\"@id\":\"https:\/\/targetmetalli.com\/#organization\",\"name\":\"Target Metalli\",\"url\":\"https:\/\/targetmetalli.com\/\",\"logo\":{\"@type\":\"ImageObject\",\"inLanguage\":\"es\",\"@id\":\"https:\/\/targetmetalli.com\/#\/schema\/logo\/image\/\",\"url\":\"https:\/\/targetmetalli.com\/wp-content\/uploads\/2025\/02\/logo_target.webp\",\"contentUrl\":\"https:\/\/targetmetalli.com\/wp-content\/uploads\/2025\/02\/logo_target.webp\",\"width\":274,\"height\":267,\"caption\":\"Target Metalli\"},\"image\":{\"@id\":\"https:\/\/targetmetalli.com\/#\/schema\/logo\/image\/\"},\"sameAs\":[\"https:\/\/www.facebook.com\/targetsrlmetalli\/\",\"https:\/\/x.com\/metalli_l\",\"https:\/\/www.instagram.com\/target_metalli\/\",\"https:\/\/www.youtube.com\/@TargetS.R.L.\",\"https:\/\/www.linkedin.com\/in\/banco-metalli-target-s-r-l-61296b163\/\"]}]}<\/script>\n<!-- \/ Yoast SEO plugin. -->","yoast_head_json":{"title":"Cookie Policy - Target Metalli","robots":{"index":"index","follow":"follow","max-snippet":"max-snippet:-1","max-image-preview":"max-image-preview:large","max-video-preview":"max-video-preview:-1"},"canonical":"https:\/\/targetmetalli.com\/es\/cookie-policy\/","og_locale":"es_ES","og_type":"article","og_title":"Cookie Policy - Target Metalli","og_description":"Uso dei cookie Questo sito utilizza i Cookie per rendere i propri servizi semplici e efficienti per l\u2019utenza che visiona le pagine del sito.Gli utenti che visionano il Sito, vedranno inserite delle\u00a0quantit\u00e0 minime di informazioni\u00a0nei dispositivi in uso, che siano computer e periferiche mobili, in piccoli file di testo denominati \u201ccookie\u201d salvati nelle directory utilizzate [&hellip;]","og_url":"https:\/\/targetmetalli.com\/es\/cookie-policy\/","og_site_name":"Target Metalli","article_publisher":"https:\/\/www.facebook.com\/targetsrlmetalli\/","article_modified_time":"2025-06-24T08:14:02+00:00","twitter_card":"summary_large_image","twitter_site":"@metalli_l","twitter_misc":{"Tiempo de lectura":"7 minutos"},"schema":{"@context":"https:\/\/schema.org","@graph":[{"@type":"WebPage","@id":"https:\/\/targetmetalli.com\/cookie-policy\/","url":"https:\/\/targetmetalli.com\/cookie-policy\/","name":"Cookie Policy - Target Metalli","isPartOf":{"@id":"https:\/\/targetmetalli.com\/#website"},"datePublished":"2025-05-16T14:12:50+00:00","dateModified":"2025-06-24T08:14:02+00:00","breadcrumb":{"@id":"https:\/\/targetmetalli.com\/cookie-policy\/#breadcrumb"},"inLanguage":"es","potentialAction":[{"@type":"ReadAction","target":["https:\/\/targetmetalli.com\/cookie-policy\/"]}]},{"@type":"BreadcrumbList","@id":"https:\/\/targetmetalli.com\/cookie-policy\/#breadcrumb","itemListElement":[{"@type":"ListItem","position":1,"name":"Home","item":"https:\/\/targetmetalli.com\/"},{"@type":"ListItem","position":2,"name":"Cookie Policy"}]},{"@type":"WebSite","@id":"https:\/\/targetmetalli.com\/#website","url":"https:\/\/targetmetalli.com\/","name":"Target Metalli","description":"","publisher":{"@id":"https:\/\/targetmetalli.com\/#organization"},"potentialAction":[{"@type":"SearchAction","target":{"@type":"EntryPoint","urlTemplate":"https:\/\/targetmetalli.com\/?s={search_term_string}"},"query-input":{"@type":"PropertyValueSpecification","valueRequired":true,"valueName":"search_term_string"}}],"inLanguage":"es"},{"@type":"Organization","@id":"https:\/\/targetmetalli.com\/#organization","name":"Target Metalli","url":"https:\/\/targetmetalli.com\/","logo":{"@type":"ImageObject","inLanguage":"es","@id":"https:\/\/targetmetalli.com\/#\/schema\/logo\/image\/","url":"https:\/\/targetmetalli.com\/wp-content\/uploads\/2025\/02\/logo_target.webp","contentUrl":"https:\/\/targetmetalli.com\/wp-content\/uploads\/2025\/02\/logo_target.webp","width":274,"height":267,"caption":"Target Metalli"},"image":{"@id":"https:\/\/targetmetalli.com\/#\/schema\/logo\/image\/"},"sameAs":["https:\/\/www.facebook.com\/targetsrlmetalli\/","https:\/\/x.com\/metalli_l","https:\/\/www.instagram.com\/target_metalli\/","https:\/\/www.youtube.com\/@TargetS.R.L.","https:\/\/www.linkedin.com\/in\/banco-metalli-target-s-r-l-61296b163\/"]}]}},"_links":{"self":[{"href":"https:\/\/targetmetalli.com\/es\/wp-json\/wp\/v2\/pages\/2606","targetHints":{"allow":["GET"]}}],"collection":[{"href":"https:\/\/targetmetalli.com\/es\/wp-json\/wp\/v2\/pages"}],"about":[{"href":"https:\/\/targetmetalli.com\/es\/wp-json\/wp\/v2\/types\/page"}],"author":[{"embeddable":true,"href":"https:\/\/targetmetalli.com\/es\/wp-json\/wp\/v2\/users\/2"}],"replies":[{"embeddable":true,"href":"https:\/\/targetmetalli.com\/es\/wp-json\/wp\/v2\/comments?post=2606"}],"version-history":[{"count":13,"href":"https:\/\/targetmetalli.com\/es\/wp-json\/wp\/v2\/pages\/2606\/revisions"}],"predecessor-version":[{"id":2929,"href":"https:\/\/targetmetalli.com\/es\/wp-json\/wp\/v2\/pages\/2606\/revisions\/2929"}],"wp:attachment":[{"href":"https:\/\/targetmetalli.com\/es\/wp-json\/wp\/v2\/media?parent=2606"}],"curies":[{"name":"wp","href":"https:\/\/api.w.org\/{rel}","templated":true}]}}