{"id":83,"date":"2024-05-12T02:46:15","date_gmt":"2024-05-12T02:46:15","guid":{"rendered":"http:\/\/voldor-demo.local\/?page_id=83"},"modified":"2025-06-20T15:49:15","modified_gmt":"2025-06-20T15:49:15","slug":"b2b-services","status":"publish","type":"page","link":"https:\/\/targetmetalli.com\/es\/b2b-services\/","title":{"rendered":"Servizi per Operatori"},"content":{"rendered":"<div data-elementor-type=\"wp-page\" data-elementor-id=\"83\" class=\"elementor elementor-83\">\n\t\t\t\t<div class=\"elementor-element elementor-element-5c06ca3b e-con-full e-flex e-con e-parent\" data-id=\"5c06ca3b\" data-element_type=\"container\">\n\t\t\t\t<\/div>\n\t\t<div class=\"elementor-element elementor-element-a0ca1e2 e-con-full e-flex e-con e-parent\" data-id=\"a0ca1e2\" data-element_type=\"container\">\n\t\t\t\t<div class=\"elementor-element elementor-element-5318c36a elementor-widget elementor-widget-heading\" data-id=\"5318c36a\" data-element_type=\"widget\" data-widget_type=\"heading.default\">\n\t\t\t\t<div class=\"elementor-widget-container\">\n\t\t\t\t\t<h2 class=\"elementor-heading-title elementor-size-default\">Soluciones B2B para el sector de metales preciosos<\/h2>\t\t\t\t<\/div>\n\t\t\t\t<\/div>\n\t\t\t\t<div class=\"elementor-element elementor-element-260aa6f1 elementor-widget__width-initial elementor-widget elementor-widget-text-editor\" data-id=\"260aa6f1\" data-element_type=\"widget\" data-widget_type=\"text-editor.default\">\n\t\t\t\t<div class=\"elementor-widget-container\">\n\t\t\t\t\t\t\t\t\t<div style=\"text-align: center;\"><p><span style=\"color: #ffffff;\">Joyer\u00edas, Compro Oro y operadores profesionales encuentran en nosotros un socio fiable para la recogida, fusi\u00f3n, afinaci\u00f3n y an\u00e1lisis espectrom\u00e9tricos con cotizaciones en tiempo real. Garantizamos log\u00edstica dedicada, pagos inmediatos y trazabilidad completa en cumplimiento de la normativa.<\/span><br \/><span style=\"color: #ffffff;\">Ofrecemos asesoramiento a medida para el aprovisionamiento de lingotes, fichas y metales preciosos, apoyando el crecimiento de tu negocio.<\/span><\/p><\/div>\t\t\t\t\t\t\t\t<\/div>\n\t\t\t\t<\/div>\n\t\t\t\t<\/div>\n\t\t<div class=\"elementor-element elementor-element-5d48f68d e-flex e-con-boxed e-con e-parent\" data-id=\"5d48f68d\" data-element_type=\"container\">\n\t\t\t\t\t<div class=\"e-con-inner\">\n\t\t<div class=\"elementor-element elementor-element-49dc442a e-con-full e-flex e-con e-child\" data-id=\"49dc442a\" data-element_type=\"container\">\n\t\t\t\t<div class=\"elementor-element elementor-element-1c52ef1c elementor-widget elementor-widget-sidebar-nav\" data-id=\"1c52ef1c\" data-element_type=\"widget\" data-widget_type=\"sidebar-nav.default\">\n\t\t\t\t<div class=\"elementor-widget-container\">\n\t\t\t\t\t    <div class=\"service-sidebar__single  wow fadeInUp\" data-wow-delay='500ms'>\r\n        <h3 class=\"service-sidebar__title\">NUESTROS SERVICIOS<\/h3>        <ul class=\"list-unstyled service-sidebar__nav ml-0\">\r\n                            <li class=\"current\"><a href=\"https:\/\/targetmetalli.com\/es\/b2b-services\/\"  >SERVICIOS PARA OPERADORES<i class=\"icon-arrow-right\"><\/i><\/a>\r\n                <\/li>\r\n                            <li class=\"\"><a href=\"https:\/\/targetmetalli.com\/es\/b2c-services\/\"  >SERVICIOS PARA PARTICULARES<i class=\"icon-arrow-right\"><\/i><\/a>\r\n                <\/li>\r\n                    <\/ul><!-- \/.list-unstyled service-sidebar__nav -->\r\n    <\/div>\r\n\t\t\t\t<\/div>\n\t\t\t\t<\/div>\n\t\t\t\t<div class=\"elementor-element elementor-element-55fcb916 elementor-widget elementor-widget-voldor-sidebar-call-to-action\" data-id=\"55fcb916\" data-element_type=\"widget\" data-widget_type=\"voldor-sidebar-call-to-action.default\">\n\t\t\t\t<div class=\"elementor-widget-container\">\n\t\t\t\t\t    <div class=\"service-sidebar__contact\">\r\n        <h3 class=\"service-sidebar__contact-title\">Soluciones para cada necesidad<\/h3>                    <div class=\"service-sidebar__contact-btn\">\r\n                <a href=\"https:\/\/targetmetalli.com\/es\/lingotti-e-monete\/\"   class=\"voldor-btn voldor-btn--base\">LINGOTES<\/a>\r\n            <\/div><!-- \/.service-sidebar__contact__icon -->\r\n                            <div class=\"service-sidebar__contact-image\">\r\n                <img decoding=\"async\" src=\"https:\/\/targetmetalli.com\/wp-content\/uploads\/2025\/03\/target-metalli-compro-oro-modella.jpg\" alt=\"target-metalli-compro-oro-modella\" title=\"target-metalli-compro-oro-modella\" >            <\/div>\r\n                            <div class=\"service-sidebar__contact-angle\">\r\n                <img decoding=\"async\" src=\"https:\/\/targetmetalli.com\/wp-content\/uploads\/2024\/05\/service-shape.png\" alt=\"service-shape\" title=\"service-shape\" >            <\/div>\r\n            <\/div><!-- \/.service-sidebar__contact -->\r\n\t\t\t\t<\/div>\n\t\t\t\t<\/div>\n\t\t\t\t<\/div>\n\t\t<div class=\"elementor-element elementor-element-3323fb27 e-con-full e-flex e-con e-child\" data-id=\"3323fb27\" data-element_type=\"container\">\n\t\t\t\t<div class=\"elementor-element elementor-element-76923141 service-image elementor-widget elementor-widget-image\" data-id=\"76923141\" data-element_type=\"widget\" data-widget_type=\"image.default\">\n\t\t\t\t<div class=\"elementor-widget-container\">\n\t\t\t\t\t\t\t\t\t\t\t\t\t\t\t<img fetchpriority=\"high\" decoding=\"async\" width=\"1440\" height=\"988\" src=\"https:\/\/targetmetalli.com\/wp-content\/uploads\/2025\/03\/target-metalli-servizi-operatori-privati-lingotti-oro-compravendita-1.jpg\" class=\"attachment-full size-full wp-image-1949\" alt=\"\" srcset=\"https:\/\/targetmetalli.com\/wp-content\/uploads\/2025\/03\/target-metalli-servizi-operatori-privati-lingotti-oro-compravendita-1.jpg 1440w, https:\/\/targetmetalli.com\/wp-content\/uploads\/2025\/03\/target-metalli-servizi-operatori-privati-lingotti-oro-compravendita-1-270x185.jpg 270w, https:\/\/targetmetalli.com\/wp-content\/uploads\/2025\/03\/target-metalli-servizi-operatori-privati-lingotti-oro-compravendita-1-570x391.jpg 570w, https:\/\/targetmetalli.com\/wp-content\/uploads\/2025\/03\/target-metalli-servizi-operatori-privati-lingotti-oro-compravendita-1-300x206.jpg 300w, https:\/\/targetmetalli.com\/wp-content\/uploads\/2025\/03\/target-metalli-servizi-operatori-privati-lingotti-oro-compravendita-1-1024x703.jpg 1024w, https:\/\/targetmetalli.com\/wp-content\/uploads\/2025\/03\/target-metalli-servizi-operatori-privati-lingotti-oro-compravendita-1-768x527.jpg 768w\" sizes=\"(max-width: 1440px) 100vw, 1440px\" \/>\t\t\t\t\t\t\t\t\t\t\t\t\t\t\t<\/div>\n\t\t\t\t<\/div>\n\t\t\t\t<div class=\"elementor-element elementor-element-4e4be639 elementor-widget elementor-widget-html\" data-id=\"4e4be639\" data-element_type=\"widget\" data-widget_type=\"html.default\">\n\t\t\t\t<div class=\"elementor-widget-container\">\n\t\t\t\t\t<h3 class=\"service-details__title wow fadeInUp\" data-wow-delay='300ms'>Un socio para los operadores\ndel sector de metales preciosos<\/h3>\r\n<p class=\"service-details__text wow fadeInUp\" data-wow-delay='350ms'>Joyer\u00edas, Compro Oro y talleres de orfebrer\u00eda conf\u00edan en Target S.r.l. para fijar el precio en tiempo real, realizar recogidas cualificadas, fusiones profesionales, an\u00e1lisis espectrom\u00e9tricos y afinaci\u00f3n certificada de metales preciosos, cumpliendo siempre con los est\u00e1ndares de calidad y seguridad legal.<\/p>\t\t\t\t<\/div>\n\t\t\t\t<\/div>\n\t\t\t\t<div class=\"elementor-element elementor-element-7ac2efe5 elementor-widget elementor-widget-voldor-faq\" data-id=\"7ac2efe5\" data-element_type=\"widget\" data-widget_type=\"voldor-faq.default\">\n\t\t\t\t<div class=\"elementor-widget-container\">\n\t\t\t\t\t    <div class=\"service-details__single\">\r\n        <div class=\"faq-page__accordion voldor-accrodion\" data-grp-name=\"voldor-accrodion\">\r\n                            <div class=\"accrodion\">\r\n                    <div class=\"accrodion-title\">\r\n                        <h4 class=\"accrodion-title__text\">Fusi\u00f3n y procesamiento<span class=\"accrodion-title__icon\"><\/span> <\/h4>\r\n                    <\/div><!-- \/.accordian-title -->\r\n                    <div class=\"accrodion-content\">\r\n                        <div class=\"inner\">\r\n                            <p class=\"inner__text\"><p>Para reintroducir metales preciosos usados en el mercado es indispensable purificarlos y eliminar todas las impurezas. En nuestra planta gestionamos internamente todo el ciclo de procesamiento, garantizando altos est\u00e1ndares de calidad y total cumplimiento normativo.<\/p>\n<br>\n<ul>\n  <li>Fusi\u00f3n de chatarra y residuos de procesamiento<\/li>\n  <li>Incineraci\u00f3n de residuos de laboratorio<\/li>\n  <li>Recuperaci\u00f3n de rodio agotado y nitrato de plata<\/li>\n  <li>Procesamiento de residuos dentales<\/li>\n  <li>Asesoramiento y asistencia para \u201cDestrucci\u00f3n de Bienes\u201d<\/li>\n  <li>Posibilidad para los clientes de presenciar, en total confidencialidad, las operaciones de fusi\u00f3n<\/li>\n<\/ul><\/p>\r\n                        <\/div><!-- \/.accordian-content -->\r\n                    <\/div>\r\n                <\/div><!-- \/.accordian-item -->\r\n                            <div class=\"accrodion active\">\r\n                    <div class=\"accrodion-title\">\r\n                        <h4 class=\"accrodion-title__text\">Gold Check: An\u00e1lisis<span class=\"accrodion-title__icon\"><\/span> <\/h4>\r\n                    <\/div><!-- \/.accordian-title -->\r\n                    <div class=\"accrodion-content\">\r\n                        <div class=\"inner\">\r\n                            <p class=\"inner__text\"><p>En nuestro Laboratorio de An\u00e1lisis interno, t\u00e9cnicos cualificados realizan controles exhaustivos sobre todos los metales preciosos. Utilizamos espectrofotometr\u00eda de rayos X, an\u00e1lisis de plasma (ICP) y copelaci\u00f3n para determinar con precisi\u00f3n la composici\u00f3n, pureza y la posible presencia de contaminantes en las aleaciones.<\/p><\/p>\r\n                        <\/div><!-- \/.accordian-content -->\r\n                    <\/div>\r\n                <\/div><!-- \/.accordian-item -->\r\n                            <div class=\"accrodion\">\r\n                    <div class=\"accrodion-title\">\r\n                        <h4 class=\"accrodion-title__text\">Afinaci\u00f3n para pureza extrema<span class=\"accrodion-title__icon\"><\/span> <\/h4>\r\n                    <\/div><!-- \/.accordian-title -->\r\n                    <div class=\"accrodion-content\">\r\n                        <div class=\"inner\">\r\n                            <p class=\"inner__text\"><p>Nuestros procesos de afinaci\u00f3n alcanzan al menos 999,9\u2030 de pureza para el oro y 999\u2030 para la plata, extendi\u00e9ndose tambi\u00e9n al platino y al paladio, para garantizar resultados excelentes en cada trabajo.<\/p>\n<br>\n<p>Tras un an\u00e1lisis preliminar de la barra, la sometemos a afinaci\u00f3n qu\u00edmico-electrol\u00edtica en nuestra propia planta. Gracias a la amplia experiencia y a la tecnolog\u00eda avanzada, obtenemos metales preciosos de alt\u00edsima pureza, perfectos para cualquier uso industrial o de inversi\u00f3n.<\/p><\/p>\r\n                        <\/div><!-- \/.accordian-content -->\r\n                    <\/div>\r\n                <\/div><!-- \/.accordian-item -->\r\n                            <div class=\"accrodion\">\r\n                    <div class=\"accrodion-title\">\r\n                        <h4 class=\"accrodion-title__text\">Nueva vida a los metales preciosos<span class=\"accrodion-title__icon\"><\/span> <\/h4>\r\n                    <\/div><!-- \/.accordian-title -->\r\n                    <div class=\"accrodion-content\">\r\n                        <div class=\"inner\">\r\n                            <p class=\"inner__text\"><p>Recuperamos y transformamos chatarra y residuos de procesamiento en metales de alta calidad, listos para el mercado o para ciclos industriales.<\/p>\n<br>\n<ul>\n  <li><strong>Afinaci\u00f3n de oro:<\/strong> procesos qu\u00edmicos y electrol\u00edticos para producir oro puro tanto para uso industrial como para inversi\u00f3n.<\/li>\n  <li><strong>Afinaci\u00f3n de plata, platino y paladio:<\/strong> tratamientos dedicados para garantizar tensi\u00f3n y pureza \u00f3ptimas en los ciclos productivos.<\/li>\n  <li><strong>Titulaci\u00f3n y recuperaci\u00f3n de rodio:<\/strong> extracci\u00f3n de soluciones galv\u00e1nicas agotadas con alto rendimiento.<\/li>\n  <li><strong>Recuperaci\u00f3n de plata de nitratos:<\/strong> procesos para separar y regenerar plata de alta pureza.<\/li>\n  <li><strong>Suministro de lingotes de oro:<\/strong> producci\u00f3n y dep\u00f3sito en cuenta pr\u00e9stamo con opci\u00f3n de devoluci\u00f3n o compra.<\/li>\n  <li><strong>Desmontaje qu\u00edmico:<\/strong> recuperaci\u00f3n de diamantes y piedras preciosas de monturas y restos, preservando valor e integridad.<\/li>\n<\/ul><\/p>\r\n                        <\/div><!-- \/.accordian-content -->\r\n                    <\/div>\r\n                <\/div><!-- \/.accordian-item -->\r\n                            <div class=\"accrodion\">\r\n                    <div class=\"accrodion-title\">\r\n                        <h4 class=\"accrodion-title__text\">Transportamos tus valores<span class=\"accrodion-title__icon\"><\/span> <\/h4>\r\n                    <\/div><!-- \/.accordian-title -->\r\n                    <div class=\"accrodion-content\">\r\n                        <div class=\"inner\">\r\n                            <p class=\"inner__text\"><p>Garantizamos la recogida y entrega de oro y metales preciosos en toda Italia con mensajeros de seguridad asegurados, para ofrecer rapidez y la m\u00e1xima seguridad.<\/p>\n\n<p>Nuestra flota interna y socios especializados gestionan cada fase de la log\u00edstica, asegurando total trazabilidad y coberturas de seguro espec\u00edficas.<\/p><\/p>\r\n                        <\/div><!-- \/.accordian-content -->\r\n                    <\/div>\r\n                <\/div><!-- \/.accordian-item -->\r\n                            <div class=\"accrodion\">\r\n                    <div class=\"accrodion-title\">\r\n                        <h4 class=\"accrodion-title__text\">Trading a los mejores precios<span class=\"accrodion-title__icon\"><\/span> <\/h4>\r\n                    <\/div><!-- \/.accordian-title -->\r\n                    <div class=\"accrodion-content\">\r\n                        <div class=\"inner\">\r\n                            <p class=\"inner__text\"><p>Target S.r.l. garantiza condiciones de mercado ventajosas para la compra y venta de metales preciosos. Adem\u00e1s del trading de oro, plata, platino y paladio, producimos:<\/p>\n<br>\n<ul>\n  <li><strong>lingotes de oro y plata<\/strong> (diferentes formatos, pureza 999\u2030);<\/li>\n  <li><strong>lingotes troquelados o fundidos<\/strong> en varias medidas para inversi\u00f3n y uso industrial;<\/li>\n  <li><strong>monedas de oro<\/strong> acu\u00f1adas desde 1800 en adelante, con ley igual o superior a 900\u2030;<\/li>\n  <li><strong>lingotes personalizados<\/strong> de oro o plata, realizados a medida para eventos, empresas o necesidades espec\u00edficas.<\/li>\n<\/ul>\n\n<p>Nuestra producci\u00f3n interna asegura la m\u00e1xima flexibilidad y personalizaci\u00f3n, con trazabilidad completa y precios transparentes basados en cotizaciones en tiempo real.<\/p><\/p>\r\n                        <\/div><!-- \/.accordian-content -->\r\n                    <\/div>\r\n                <\/div><!-- \/.accordian-item -->\r\n                    <\/div>\r\n    <\/div><!-- \/ -->\r\n\t\t\t\t<\/div>\n\t\t\t\t<\/div>\n\t\t\t\t<\/div>\n\t\t\t\t\t<\/div>\n\t\t\t\t<\/div>\n\t\t<div class=\"elementor-element elementor-element-5e50edb3 e-con-full e-flex e-con e-parent\" data-id=\"5e50edb3\" data-element_type=\"container\">\n\t\t\t\t<div class=\"elementor-element elementor-element-25d4fcd1 elementor-widget elementor-widget-voldor-call-to-action\" data-id=\"25d4fcd1\" data-element_type=\"widget\" data-widget_type=\"voldor-call-to-action.default\">\n\t\t\t\t<div class=\"elementor-widget-container\">\n\t\t\t\t\t\r\n\t<!--CTA Section Start -->\r\n\t<div class=\"cta-one\">\r\n\t\t<div class=\"cta-one__bg\" style=\"background-image: url(https:\/\/targetmetalli.com\/wp-content\/uploads\/2025\/03\/target-metalli-servizi-lingotti-monete-oro-investimento-banner.jpg);\"><\/div>\r\n\t\t<div class=\"container\">\r\n\t\t\t<div class=\"row align-items-center gutter-y-30\">\r\n\t\t\t\t<div class=\"col-md-6\">\r\n\t\t\t\t\t<h3 class=\"cta-one__title\">Lingotes de oro para una inversi\u00f3n de valor\n<\/h3>\r\n\t\t\t\t<\/div>\r\n\t\t\t\t<div class=\"col-md-6\">\r\n\t\t\t\t\t<div class=\"cta-one__btn\">\r\n\t\t\t\t\t\t<a href=\"https:\/\/targetmetalli.com\/es\/lingotti-e-monete\/\"  class=\"voldor-btn\">LINGOTES Y MONEDAS<\/a>\r\n\t\t\t\t\t<\/div>\r\n\t\t\t\t<\/div>\r\n\t\t\t<\/div>\r\n\t\t<\/div>\r\n\t<\/div>\r\n\t<!-- CTA Section End -->\r\n\r\n\t\t\t\t<\/div>\n\t\t\t\t<\/div>\n\t\t\t\t<\/div>\n\t\t\t\t<\/div>","protected":false},"excerpt":{"rendered":"<p>Soluzioni B2B per il settore dei metalli preziosi Gioiellerie, Compro Oro e operatori professionali trovano in noi un partner affidabile per ritiro, fusione, affinazione e analisi spettrometriche con quotazioni in tempo reale. Garantiamo logistica dedicata, pagamenti immediati e tracciabilit\u00e0 completa nel rispetto delle normative.Offriamo consulenze su misura per l\u2019approvvigionamento di lingotti, gettoni e metalli preziosi, [&hellip;]<\/p>","protected":false},"author":1,"featured_media":0,"parent":0,"menu_order":0,"comment_status":"closed","ping_status":"closed","template":"elementor_header_footer","meta":{"footnotes":""},"class_list":["post-83","page","type-page","status-publish","hentry"],"yoast_head":"<!-- This site is optimized with the Yoast SEO plugin v25.4 - https:\/\/yoast.com\/wordpress\/plugins\/seo\/ -->\n<title>Servizi per Operatori - Target Metalli<\/title>\n<meta name=\"robots\" content=\"index, follow, max-snippet:-1, max-image-preview:large, max-video-preview:-1\" \/>\n<link rel=\"canonical\" href=\"https:\/\/targetmetalli.com\/es\/b2b-services\/\" \/>\n<meta property=\"og:locale\" content=\"es_ES\" \/>\n<meta property=\"og:type\" content=\"article\" \/>\n<meta property=\"og:title\" content=\"Servizi per Operatori - Target Metalli\" \/>\n<meta property=\"og:description\" content=\"Soluzioni B2B per il settore dei metalli preziosi Gioiellerie, Compro Oro e operatori professionali trovano in noi un partner affidabile per ritiro, fusione, affinazione e analisi spettrometriche con quotazioni in tempo reale. Garantiamo logistica dedicata, pagamenti immediati e tracciabilit\u00e0 completa nel rispetto delle normative.Offriamo consulenze su misura per l\u2019approvvigionamento di lingotti, gettoni e metalli preziosi, [&hellip;]\" \/>\n<meta property=\"og:url\" content=\"https:\/\/targetmetalli.com\/es\/b2b-services\/\" \/>\n<meta property=\"og:site_name\" content=\"Target Metalli\" \/>\n<meta property=\"article:publisher\" content=\"https:\/\/www.facebook.com\/targetsrlmetalli\/\" \/>\n<meta property=\"article:modified_time\" content=\"2025-06-20T15:49:15+00:00\" \/>\n<meta property=\"og:image\" content=\"https:\/\/targetmetalli.com\/wp-content\/uploads\/2025\/03\/target-metalli-compro-oro-modella.jpg\" \/>\n<meta name=\"twitter:card\" content=\"summary_large_image\" \/>\n<meta name=\"twitter:site\" content=\"@metalli_l\" \/>\n<meta name=\"twitter:label1\" content=\"Tiempo de lectura\" \/>\n\t<meta name=\"twitter:data1\" content=\"3 minutos\" \/>\n<script type=\"application\/ld+json\" class=\"yoast-schema-graph\">{\"@context\":\"https:\/\/schema.org\",\"@graph\":[{\"@type\":\"WebPage\",\"@id\":\"https:\/\/targetmetalli.com\/b2b-services\/\",\"url\":\"https:\/\/targetmetalli.com\/b2b-services\/\",\"name\":\"Servizi per Operatori - Target Metalli\",\"isPartOf\":{\"@id\":\"https:\/\/targetmetalli.com\/#website\"},\"primaryImageOfPage\":{\"@id\":\"https:\/\/targetmetalli.com\/b2b-services\/#primaryimage\"},\"image\":{\"@id\":\"https:\/\/targetmetalli.com\/b2b-services\/#primaryimage\"},\"thumbnailUrl\":\"https:\/\/targetmetalli.com\/wp-content\/uploads\/2025\/03\/target-metalli-compro-oro-modella.jpg\",\"datePublished\":\"2024-05-12T02:46:15+00:00\",\"dateModified\":\"2025-06-20T15:49:15+00:00\",\"breadcrumb\":{\"@id\":\"https:\/\/targetmetalli.com\/b2b-services\/#breadcrumb\"},\"inLanguage\":\"es\",\"potentialAction\":[{\"@type\":\"ReadAction\",\"target\":[\"https:\/\/targetmetalli.com\/b2b-services\/\"]}]},{\"@type\":\"ImageObject\",\"inLanguage\":\"es\",\"@id\":\"https:\/\/targetmetalli.com\/b2b-services\/#primaryimage\",\"url\":\"https:\/\/targetmetalli.com\/wp-content\/uploads\/2025\/03\/target-metalli-compro-oro-modella.jpg\",\"contentUrl\":\"https:\/\/targetmetalli.com\/wp-content\/uploads\/2025\/03\/target-metalli-compro-oro-modella.jpg\"},{\"@type\":\"BreadcrumbList\",\"@id\":\"https:\/\/targetmetalli.com\/b2b-services\/#breadcrumb\",\"itemListElement\":[{\"@type\":\"ListItem\",\"position\":1,\"name\":\"Home\",\"item\":\"https:\/\/targetmetalli.com\/\"},{\"@type\":\"ListItem\",\"position\":2,\"name\":\"Servizi per Operatori\"}]},{\"@type\":\"WebSite\",\"@id\":\"https:\/\/targetmetalli.com\/#website\",\"url\":\"https:\/\/targetmetalli.com\/\",\"name\":\"Target Metalli\",\"description\":\"\",\"publisher\":{\"@id\":\"https:\/\/targetmetalli.com\/#organization\"},\"potentialAction\":[{\"@type\":\"SearchAction\",\"target\":{\"@type\":\"EntryPoint\",\"urlTemplate\":\"https:\/\/targetmetalli.com\/?s={search_term_string}\"},\"query-input\":{\"@type\":\"PropertyValueSpecification\",\"valueRequired\":true,\"valueName\":\"search_term_string\"}}],\"inLanguage\":\"es\"},{\"@type\":\"Organization\",\"@id\":\"https:\/\/targetmetalli.com\/#organization\",\"name\":\"Target Metalli\",\"url\":\"https:\/\/targetmetalli.com\/\",\"logo\":{\"@type\":\"ImageObject\",\"inLanguage\":\"es\",\"@id\":\"https:\/\/targetmetalli.com\/#\/schema\/logo\/image\/\",\"url\":\"https:\/\/targetmetalli.com\/wp-content\/uploads\/2025\/02\/logo_target.webp\",\"contentUrl\":\"https:\/\/targetmetalli.com\/wp-content\/uploads\/2025\/02\/logo_target.webp\",\"width\":274,\"height\":267,\"caption\":\"Target Metalli\"},\"image\":{\"@id\":\"https:\/\/targetmetalli.com\/#\/schema\/logo\/image\/\"},\"sameAs\":[\"https:\/\/www.facebook.com\/targetsrlmetalli\/\",\"https:\/\/x.com\/metalli_l\",\"https:\/\/www.instagram.com\/target_metalli\/\",\"https:\/\/www.youtube.com\/@TargetS.R.L.\",\"https:\/\/www.linkedin.com\/in\/banco-metalli-target-s-r-l-61296b163\/\"]}]}<\/script>\n<!-- \/ Yoast SEO plugin. -->","yoast_head_json":{"title":"Servizi per Operatori - Target Metalli","robots":{"index":"index","follow":"follow","max-snippet":"max-snippet:-1","max-image-preview":"max-image-preview:large","max-video-preview":"max-video-preview:-1"},"canonical":"https:\/\/targetmetalli.com\/es\/b2b-services\/","og_locale":"es_ES","og_type":"article","og_title":"Servizi per Operatori - Target Metalli","og_description":"Soluzioni B2B per il settore dei metalli preziosi Gioiellerie, Compro Oro e operatori professionali trovano in noi un partner affidabile per ritiro, fusione, affinazione e analisi spettrometriche con quotazioni in tempo reale. Garantiamo logistica dedicata, pagamenti immediati e tracciabilit\u00e0 completa nel rispetto delle normative.Offriamo consulenze su misura per l\u2019approvvigionamento di lingotti, gettoni e metalli preziosi, [&hellip;]","og_url":"https:\/\/targetmetalli.com\/es\/b2b-services\/","og_site_name":"Target Metalli","article_publisher":"https:\/\/www.facebook.com\/targetsrlmetalli\/","article_modified_time":"2025-06-20T15:49:15+00:00","og_image":[{"url":"https:\/\/targetmetalli.com\/wp-content\/uploads\/2025\/03\/target-metalli-compro-oro-modella.jpg","type":"","width":"","height":""}],"twitter_card":"summary_large_image","twitter_site":"@metalli_l","twitter_misc":{"Tiempo de lectura":"3 minutos"},"schema":{"@context":"https:\/\/schema.org","@graph":[{"@type":"WebPage","@id":"https:\/\/targetmetalli.com\/b2b-services\/","url":"https:\/\/targetmetalli.com\/b2b-services\/","name":"Servizi per Operatori - Target Metalli","isPartOf":{"@id":"https:\/\/targetmetalli.com\/#website"},"primaryImageOfPage":{"@id":"https:\/\/targetmetalli.com\/b2b-services\/#primaryimage"},"image":{"@id":"https:\/\/targetmetalli.com\/b2b-services\/#primaryimage"},"thumbnailUrl":"https:\/\/targetmetalli.com\/wp-content\/uploads\/2025\/03\/target-metalli-compro-oro-modella.jpg","datePublished":"2024-05-12T02:46:15+00:00","dateModified":"2025-06-20T15:49:15+00:00","breadcrumb":{"@id":"https:\/\/targetmetalli.com\/b2b-services\/#breadcrumb"},"inLanguage":"es","potentialAction":[{"@type":"ReadAction","target":["https:\/\/targetmetalli.com\/b2b-services\/"]}]},{"@type":"ImageObject","inLanguage":"es","@id":"https:\/\/targetmetalli.com\/b2b-services\/#primaryimage","url":"https:\/\/targetmetalli.com\/wp-content\/uploads\/2025\/03\/target-metalli-compro-oro-modella.jpg","contentUrl":"https:\/\/targetmetalli.com\/wp-content\/uploads\/2025\/03\/target-metalli-compro-oro-modella.jpg"},{"@type":"BreadcrumbList","@id":"https:\/\/targetmetalli.com\/b2b-services\/#breadcrumb","itemListElement":[{"@type":"ListItem","position":1,"name":"Home","item":"https:\/\/targetmetalli.com\/"},{"@type":"ListItem","position":2,"name":"Servizi per Operatori"}]},{"@type":"WebSite","@id":"https:\/\/targetmetalli.com\/#website","url":"https:\/\/targetmetalli.com\/","name":"Target Metalli","description":"","publisher":{"@id":"https:\/\/targetmetalli.com\/#organization"},"potentialAction":[{"@type":"SearchAction","target":{"@type":"EntryPoint","urlTemplate":"https:\/\/targetmetalli.com\/?s={search_term_string}"},"query-input":{"@type":"PropertyValueSpecification","valueRequired":true,"valueName":"search_term_string"}}],"inLanguage":"es"},{"@type":"Organization","@id":"https:\/\/targetmetalli.com\/#organization","name":"Target Metalli","url":"https:\/\/targetmetalli.com\/","logo":{"@type":"ImageObject","inLanguage":"es","@id":"https:\/\/targetmetalli.com\/#\/schema\/logo\/image\/","url":"https:\/\/targetmetalli.com\/wp-content\/uploads\/2025\/02\/logo_target.webp","contentUrl":"https:\/\/targetmetalli.com\/wp-content\/uploads\/2025\/02\/logo_target.webp","width":274,"height":267,"caption":"Target Metalli"},"image":{"@id":"https:\/\/targetmetalli.com\/#\/schema\/logo\/image\/"},"sameAs":["https:\/\/www.facebook.com\/targetsrlmetalli\/","https:\/\/x.com\/metalli_l","https:\/\/www.instagram.com\/target_metalli\/","https:\/\/www.youtube.com\/@TargetS.R.L.","https:\/\/www.linkedin.com\/in\/banco-metalli-target-s-r-l-61296b163\/"]}]}},"_links":{"self":[{"href":"https:\/\/targetmetalli.com\/es\/wp-json\/wp\/v2\/pages\/83","targetHints":{"allow":["GET"]}}],"collection":[{"href":"https:\/\/targetmetalli.com\/es\/wp-json\/wp\/v2\/pages"}],"about":[{"href":"https:\/\/targetmetalli.com\/es\/wp-json\/wp\/v2\/types\/page"}],"author":[{"embeddable":true,"href":"https:\/\/targetmetalli.com\/es\/wp-json\/wp\/v2\/users\/1"}],"replies":[{"embeddable":true,"href":"https:\/\/targetmetalli.com\/es\/wp-json\/wp\/v2\/comments?post=83"}],"version-history":[{"count":90,"href":"https:\/\/targetmetalli.com\/es\/wp-json\/wp\/v2\/pages\/83\/revisions"}],"predecessor-version":[{"id":2906,"href":"https:\/\/targetmetalli.com\/es\/wp-json\/wp\/v2\/pages\/83\/revisions\/2906"}],"wp:attachment":[{"href":"https:\/\/targetmetalli.com\/es\/wp-json\/wp\/v2\/media?parent=83"}],"curies":[{"name":"wp","href":"https:\/\/api.w.org\/{rel}","templated":true}]}}